{"id":17222,"date":"2024-07-03T11:27:47","date_gmt":"2024-07-03T10:27:47","guid":{"rendered":"https:\/\/www.lodging-management.com\/sostenibilitat\/"},"modified":"2024-12-03T16:07:20","modified_gmt":"2024-12-03T15:07:20","slug":"sostenibilitat","status":"publish","type":"page","link":"https:\/\/www.lodging-management.com\/ca\/sostenibilitat\/","title":{"rendered":"Sostenibilitat"},"content":{"rendered":"\t\t<div data-elementor-type=\"wp-page\" data-elementor-id=\"17222\" class=\"elementor elementor-17222\" data-elementor-post-type=\"page\">\n\t\t\t\t<div class=\"elementor-element elementor-element-822ff67 e-flex e-con-boxed e-con e-parent\" data-id=\"822ff67\" data-element_type=\"container\" data-e-type=\"container\" data-settings=\"{&quot;background_background&quot;:&quot;classic&quot;,&quot;shape_divider_bottom&quot;:&quot;tilt&quot;}\">\n\t\t\t\t\t<div class=\"e-con-inner\">\n\t\t\t\t<div class=\"elementor-shape elementor-shape-bottom\" aria-hidden=\"true\" data-negative=\"false\">\n\t\t\t<svg xmlns=\"http:\/\/www.w3.org\/2000\/svg\" viewBox=\"0 0 1000 100\" preserveAspectRatio=\"none\">\n\t<path class=\"elementor-shape-fill\" d=\"M0,6V0h1000v100L0,6z\"\/>\n<\/svg>\t\t<\/div>\n\t\t<div class=\"elementor-element elementor-element-8e3d6dd e-con-full e-flex e-con e-child\" data-id=\"8e3d6dd\" data-element_type=\"container\" data-e-type=\"container\">\n\t\t\t\t<div class=\"elementor-element elementor-element-cf8d538 elementor-widget elementor-widget-heading\" data-id=\"cf8d538\" data-element_type=\"widget\" data-e-type=\"widget\" data-widget_type=\"heading.default\">\n\t\t\t\t<div class=\"elementor-widget-container\">\n\t\t\t\t\t<h1 class=\"elementor-heading-title elementor-size-default\">Comprom\u00eds amb la sostenibilitat i el medi ambient<\/h1>\t\t\t\t<\/div>\n\t\t\t\t<\/div>\n\t\t\t\t<div class=\"elementor-element elementor-element-33e7d2e elementor-widget elementor-widget-text-editor\" data-id=\"33e7d2e\" data-element_type=\"widget\" data-e-type=\"widget\" data-widget_type=\"text-editor.default\">\n\t\t\t\t<div class=\"elementor-widget-container\">\n\t\t\t\t\t\t\t\t\t<p>Som una empresa nascuda a Barcelona i volem continuar contribuint al seu creixement econ\u00f2mic, sense deixar de banda el nostre comprom\u00eds ambiental. Aquest posicionament, a m\u00e9s, suposa una major rendibilitat per als nostres propietaris, ja que els permet estalviar energia i recursos.<\/p>\n<p>Ens envoltem de socis estrat\u00e8gics que comparteixen els nostres valors i amb qui treballem en equip en diferents \u00e0rees.<\/p>\n\t\t\t\t\t\t\t\t<\/div>\n\t\t\t\t<\/div>\n\t\t\t\t<\/div>\n\t\t\t\t\t<\/div>\n\t\t\t\t<\/div>\n\t\t<div class=\"elementor-element elementor-element-8710d80 e-con-full e-flex e-con e-parent\" data-id=\"8710d80\" data-element_type=\"container\" data-e-type=\"container\">\n\t\t<div class=\"elementor-element elementor-element-f785c07 e-con-full e-flex e-con e-child\" data-id=\"f785c07\" data-element_type=\"container\" data-e-type=\"container\">\n\t\t\t\t<div class=\"elementor-element elementor-element-5a8a11a elementor-widget elementor-widget-heading\" data-id=\"5a8a11a\" data-element_type=\"widget\" data-e-type=\"widget\" data-widget_type=\"heading.default\">\n\t\t\t\t<div class=\"elementor-widget-container\">\n\t\t\t\t\t<h2 class=\"elementor-heading-title elementor-size-default\">Sostenibilitat<\/h2>\t\t\t\t<\/div>\n\t\t\t\t<\/div>\n\t\t\t\t<div class=\"elementor-element elementor-element-7c3c63d elementor-widget elementor-widget-text-editor\" data-id=\"7c3c63d\" data-element_type=\"widget\" data-e-type=\"widget\" data-widget_type=\"text-editor.default\">\n\t\t\t\t<div class=\"elementor-widget-container\">\n\t\t\t\t\t\t\t\t\t<p>Des del 2023 som certificats <a href=\"https:\/\/www.biospheretourism.com\/es\" target=\"_blank\" rel=\"noopener\">Biosphere Committed<\/a> atorgat per l&#8217;Institut de Turisme Responsable, reconeixent el nostre esfor\u00e7 en l\u2019acompliment dels Objectius de Desenvolupament Sostenible (ODS) de les Nacions Unides.<\/p>\n\t\t\t\t\t\t\t\t<\/div>\n\t\t\t\t<\/div>\n\t\t\t\t<div class=\"elementor-element elementor-element-a4f0cf5 elementor-widget elementor-widget-text-editor\" data-id=\"a4f0cf5\" data-element_type=\"widget\" data-e-type=\"widget\" data-widget_type=\"text-editor.default\">\n\t\t\t\t<div class=\"elementor-widget-container\">\n\t\t\t\t\t\t\t\t\t<p>Compensem les nostres emissions de CO\u2082 mitjan\u00e7ant la sembra d&#8217;arbres en boscos tropicals a trav\u00e9s de la plataforma <a href=\"https:\/\/tree-nation.com\/es\" target=\"_blank\" rel=\"noopener\">Tree-Nation<\/a>.<\/p>\n\t\t\t\t\t\t\t\t<\/div>\n\t\t\t\t<\/div>\n\t\t<div class=\"elementor-element elementor-element-95ccce2 e-flex e-con-boxed e-con e-child\" data-id=\"95ccce2\" data-element_type=\"container\" data-e-type=\"container\">\n\t\t\t\t\t<div class=\"e-con-inner\">\n\t\t\t\t<div class=\"elementor-element elementor-element-ccfc2ea elementor-widget elementor-widget-image\" data-id=\"ccfc2ea\" data-element_type=\"widget\" data-e-type=\"widget\" data-widget_type=\"image.default\">\n\t\t\t\t<div class=\"elementor-widget-container\">\n\t\t\t\t\t\t\t\t\t\t\t\t\t\t\t\t<a href=\"https:\/\/www.biospheretourism.com\/es\" target=\"_blank\">\n\t\t\t\t\t\t\t<img decoding=\"async\" data-src=\"https:\/\/www.lodging-management.com\/wp-content\/uploads\/2024\/03\/biosphere_color.svg\" title=\"biosphere_color\" alt=\"biosphere_color\" src=\"data:image\/svg+xml;base64,PHN2ZyB3aWR0aD0iMSIgaGVpZ2h0PSIxIiB4bWxucz0iaHR0cDovL3d3dy53My5vcmcvMjAwMC9zdmciPjwvc3ZnPg==\" class=\"lazyload\" \/>\t\t\t\t\t\t\t\t<\/a>\n\t\t\t\t\t\t\t\t\t\t\t\t\t\t\t<\/div>\n\t\t\t\t<\/div>\n\t\t\t\t<div class=\"elementor-element elementor-element-3a7b0b2 elementor-widget elementor-widget-image\" data-id=\"3a7b0b2\" data-element_type=\"widget\" data-e-type=\"widget\" data-widget_type=\"image.default\">\n\t\t\t\t<div class=\"elementor-widget-container\">\n\t\t\t\t\t\t\t\t\t\t\t\t\t\t\t\t<a href=\"https:\/\/tree-nation.com\/es\" target=\"_blank\">\n\t\t\t\t\t\t\t<img decoding=\"async\" data-src=\"https:\/\/www.lodging-management.com\/wp-content\/uploads\/2024\/03\/tree-nation_color.svg\" title=\"tree-nation_color\" alt=\"tree-nation_color\" src=\"data:image\/svg+xml;base64,PHN2ZyB3aWR0aD0iMSIgaGVpZ2h0PSIxIiB4bWxucz0iaHR0cDovL3d3dy53My5vcmcvMjAwMC9zdmciPjwvc3ZnPg==\" class=\"lazyload\" \/>\t\t\t\t\t\t\t\t<\/a>\n\t\t\t\t\t\t\t\t\t\t\t\t\t\t\t<\/div>\n\t\t\t\t<\/div>\n\t\t\t\t\t<\/div>\n\t\t\t\t<\/div>\n\t\t\t\t<\/div>\n\t\t<div class=\"elementor-element elementor-element-58cfb2d e-con-full e-flex e-con e-child\" data-id=\"58cfb2d\" data-element_type=\"container\" data-e-type=\"container\">\n\t\t<div class=\"elementor-element elementor-element-1ccc056 e-con-full e-grid e-con e-child\" data-id=\"1ccc056\" data-element_type=\"container\" data-e-type=\"container\">\n\t\t\t\t<div class=\"elementor-element elementor-element-d57c450 s-c1-bkg-grey elementor-widget elementor-widget-image\" data-id=\"d57c450\" data-element_type=\"widget\" data-e-type=\"widget\" data-settings=\"{&quot;motion_fx_motion_fx_scrolling&quot;:&quot;yes&quot;,&quot;motion_fx_devices&quot;:[&quot;desktop&quot;,&quot;tablet_extra&quot;,&quot;tablet&quot;,&quot;mobile&quot;]}\" data-widget_type=\"image.default\">\n\t\t\t\t<div class=\"elementor-widget-container\">\n\t\t\t\t\t\t\t\t\t\t\t\t\t\t\t<img decoding=\"async\" data-src=\"https:\/\/www.lodging-management.com\/wp-content\/uploads\/2024\/03\/Rectangle-600x400-1.png\" title=\"Rectangle 600&#215;400\" alt=\"Rectangle 600x400\" src=\"data:image\/svg+xml;base64,PHN2ZyB3aWR0aD0iMSIgaGVpZ2h0PSIxIiB4bWxucz0iaHR0cDovL3d3dy53My5vcmcvMjAwMC9zdmciPjwvc3ZnPg==\" class=\"lazyload\" style=\"--smush-placeholder-width: 600px; --smush-placeholder-aspect-ratio: 600\/400;\" \/>\t\t\t\t\t\t\t\t\t\t\t\t\t\t\t<\/div>\n\t\t\t\t<\/div>\n\t\t\t\t<div class=\"elementor-element elementor-element-1b861cc elementor-widget__width-initial s-c1-image1 elementor-widget elementor-widget-image\" data-id=\"1b861cc\" data-element_type=\"widget\" data-e-type=\"widget\" data-widget_type=\"image.default\">\n\t\t\t\t<div class=\"elementor-widget-container\">\n\t\t\t\t\t\t\t\t\t\t\t\t\t\t\t<img fetchpriority=\"high\" decoding=\"async\" width=\"600\" height=\"450\" src=\"https:\/\/www.lodging-management.com\/wp-content\/uploads\/2024\/03\/img_650x450_sostenibilidad_1.jpg\" class=\"attachment-large size-large wp-image-13350\" alt=\"Sostenibilidad\" srcset=\"https:\/\/www.lodging-management.com\/wp-content\/uploads\/2024\/03\/img_650x450_sostenibilidad_1.jpg 600w, https:\/\/www.lodging-management.com\/wp-content\/uploads\/2024\/03\/img_650x450_sostenibilidad_1-300x225.jpg 300w\" sizes=\"(max-width: 600px) 100vw, 600px\" \/>\t\t\t\t\t\t\t\t\t\t\t\t\t\t\t<\/div>\n\t\t\t\t<\/div>\n\t\t\t\t<\/div>\n\t\t\t\t<\/div>\n\t\t\t\t<\/div>\n\t\t<div class=\"elementor-element elementor-element-a5a7fde e-con-full e-flex e-con e-parent\" data-id=\"a5a7fde\" data-element_type=\"container\" data-e-type=\"container\">\n\t\t<div class=\"elementor-element elementor-element-5eb829e e-con-full e-flex e-con e-child\" data-id=\"5eb829e\" data-element_type=\"container\" data-e-type=\"container\">\n\t\t\t\t<div class=\"elementor-element elementor-element-044e744 elementor-widget elementor-widget-text-editor\" data-id=\"044e744\" data-element_type=\"widget\" data-e-type=\"widget\" data-widget_type=\"text-editor.default\">\n\t\t\t\t<div class=\"elementor-widget-container\">\n\t\t\t\t\t\t\t\t\t<p>Aprofitem al m\u00e0xim els materials ja disponibles als habitatges durant les reformes o en projectes d\u2019interiorisme per reduir la generaci\u00f3 de residus.<\/p>\n\t\t\t\t\t\t\t\t<\/div>\n\t\t\t\t<\/div>\n\t\t<div class=\"elementor-element elementor-element-b5ad209 e-con-full e-grid e-con e-child\" data-id=\"b5ad209\" data-element_type=\"container\" data-e-type=\"container\">\n\t\t\t\t<div class=\"elementor-element elementor-element-58bc884 s-c2-gallery elementor-widget elementor-widget-image-carousel\" data-id=\"58bc884\" data-element_type=\"widget\" data-e-type=\"widget\" data-settings=\"{&quot;slides_to_show&quot;:&quot;1&quot;,&quot;navigation&quot;:&quot;none&quot;,&quot;lazyload&quot;:&quot;yes&quot;,&quot;autoplay_speed&quot;:3000,&quot;effect&quot;:&quot;fade&quot;,&quot;autoplay&quot;:&quot;yes&quot;,&quot;pause_on_hover&quot;:&quot;yes&quot;,&quot;pause_on_interaction&quot;:&quot;yes&quot;,&quot;infinite&quot;:&quot;yes&quot;,&quot;speed&quot;:500}\" data-widget_type=\"image-carousel.default\">\n\t\t\t\t<div class=\"elementor-widget-container\">\n\t\t\t\t\t\t\t<div class=\"elementor-image-carousel-wrapper swiper\" role=\"region\" aria-roledescription=\"carousel\" aria-label=\"Carrusel d&#039;imatges\" dir=\"ltr\">\n\t\t\t<div class=\"elementor-image-carousel swiper-wrapper\" aria-live=\"off\">\n\t\t\t\t\t\t\t\t<div class=\"swiper-slide\" role=\"group\" aria-roledescription=\"slide\" aria-label=\"1 de 2\"><figure class=\"swiper-slide-inner\"><img class=\"swiper-slide-image swiper-lazy\" data-src=\"https:\/\/www.lodging-management.com\/wp-content\/uploads\/2024\/03\/img_650x450_sostenibilidad_2.jpg\" alt=\"img_650x450_sostenibilidad_2\" \/><div class=\"swiper-lazy-preloader\"><\/div><\/figure><\/div><div class=\"swiper-slide\" role=\"group\" aria-roledescription=\"slide\" aria-label=\"2 de 2\"><figure class=\"swiper-slide-inner\"><img class=\"swiper-slide-image swiper-lazy\" data-src=\"https:\/\/www.lodging-management.com\/wp-content\/uploads\/2024\/03\/img_650x450_sostenibilidad_3.jpg\" alt=\"img_650x450_sostenibilidad_3\" \/><div class=\"swiper-lazy-preloader\"><\/div><\/figure><\/div>\t\t\t<\/div>\n\t\t\t\t\t\t\t\n\t\t\t\t\t\t\t\t\t<\/div>\n\t\t\t\t\t\t<\/div>\n\t\t\t\t<\/div>\n\t\t\t\t<div class=\"elementor-element elementor-element-effe86f s-c2-bkg-grey elementor-widget elementor-widget-image\" data-id=\"effe86f\" data-element_type=\"widget\" data-e-type=\"widget\" data-settings=\"{&quot;motion_fx_motion_fx_scrolling&quot;:&quot;yes&quot;,&quot;motion_fx_devices&quot;:[&quot;desktop&quot;,&quot;tablet_extra&quot;,&quot;tablet&quot;,&quot;mobile&quot;]}\" data-widget_type=\"image.default\">\n\t\t\t\t<div class=\"elementor-widget-container\">\n\t\t\t\t\t\t\t\t\t\t\t\t\t\t\t<img decoding=\"async\" data-src=\"https:\/\/www.lodging-management.com\/wp-content\/uploads\/2024\/03\/Rectangle-600x400-1.png\" title=\"Rectangle 600&#215;400\" alt=\"Rectangle 600x400\" src=\"data:image\/svg+xml;base64,PHN2ZyB3aWR0aD0iMSIgaGVpZ2h0PSIxIiB4bWxucz0iaHR0cDovL3d3dy53My5vcmcvMjAwMC9zdmciPjwvc3ZnPg==\" class=\"lazyload\" style=\"--smush-placeholder-width: 600px; --smush-placeholder-aspect-ratio: 600\/400;\" \/>\t\t\t\t\t\t\t\t\t\t\t\t\t\t\t<\/div>\n\t\t\t\t<\/div>\n\t\t\t\t<\/div>\n\t\t\t\t<\/div>\n\t\t<div class=\"elementor-element elementor-element-e3335ea e-con-full e-flex e-con e-child\" data-id=\"e3335ea\" data-element_type=\"container\" data-e-type=\"container\">\n\t\t<div class=\"elementor-element elementor-element-803c288 e-con-full e-grid e-con e-child\" data-id=\"803c288\" data-element_type=\"container\" data-e-type=\"container\">\n\t\t\t\t<div class=\"elementor-element elementor-element-94f3416 s-c3-gallery elementor-widget elementor-widget-image-carousel\" data-id=\"94f3416\" data-element_type=\"widget\" data-e-type=\"widget\" data-settings=\"{&quot;slides_to_show&quot;:&quot;1&quot;,&quot;navigation&quot;:&quot;none&quot;,&quot;lazyload&quot;:&quot;yes&quot;,&quot;autoplay_speed&quot;:2500,&quot;effect&quot;:&quot;fade&quot;,&quot;speed&quot;:700,&quot;autoplay&quot;:&quot;yes&quot;,&quot;pause_on_hover&quot;:&quot;yes&quot;,&quot;pause_on_interaction&quot;:&quot;yes&quot;,&quot;infinite&quot;:&quot;yes&quot;}\" data-widget_type=\"image-carousel.default\">\n\t\t\t\t<div class=\"elementor-widget-container\">\n\t\t\t\t\t\t\t<div class=\"elementor-image-carousel-wrapper swiper\" role=\"region\" aria-roledescription=\"carousel\" aria-label=\"Carrusel d&#039;imatges\" dir=\"ltr\">\n\t\t\t<div class=\"elementor-image-carousel swiper-wrapper\" aria-live=\"off\">\n\t\t\t\t\t\t\t\t<div class=\"swiper-slide\" role=\"group\" aria-roledescription=\"slide\" aria-label=\"1 de 2\"><figure class=\"swiper-slide-inner\"><img class=\"swiper-slide-image swiper-lazy\" data-src=\"https:\/\/www.lodging-management.com\/wp-content\/uploads\/2024\/03\/img_650x450_sostenibilidad_4.jpg\" alt=\"img_650x450_sostenibilidad_4\" \/><div class=\"swiper-lazy-preloader\"><\/div><\/figure><\/div><div class=\"swiper-slide\" role=\"group\" aria-roledescription=\"slide\" aria-label=\"2 de 2\"><figure class=\"swiper-slide-inner\"><img class=\"swiper-slide-image swiper-lazy\" data-src=\"https:\/\/www.lodging-management.com\/wp-content\/uploads\/2024\/03\/img_650x450_sostenibilidad_5.jpg\" alt=\"img_650x450_sostenibilidad_5\" \/><div class=\"swiper-lazy-preloader\"><\/div><\/figure><\/div>\t\t\t<\/div>\n\t\t\t\t\t\t\t\n\t\t\t\t\t\t\t\t\t<\/div>\n\t\t\t\t\t\t<\/div>\n\t\t\t\t<\/div>\n\t\t\t\t<div class=\"elementor-element elementor-element-86ecd56 s-c3-bkg-grey elementor-widget elementor-widget-image\" data-id=\"86ecd56\" data-element_type=\"widget\" data-e-type=\"widget\" data-settings=\"{&quot;motion_fx_motion_fx_scrolling&quot;:&quot;yes&quot;,&quot;motion_fx_devices&quot;:[&quot;desktop&quot;,&quot;tablet_extra&quot;,&quot;tablet&quot;,&quot;mobile&quot;]}\" data-widget_type=\"image.default\">\n\t\t\t\t<div class=\"elementor-widget-container\">\n\t\t\t\t\t\t\t\t\t\t\t\t\t\t\t<img decoding=\"async\" width=\"600\" height=\"400\" data-src=\"https:\/\/www.lodging-management.com\/wp-content\/uploads\/2024\/03\/Rectangle-600x400-1.png\" class=\"attachment-large size-large wp-image-17097 lazyload\" alt=\"\" data-srcset=\"https:\/\/www.lodging-management.com\/wp-content\/uploads\/2024\/03\/Rectangle-600x400-1.png 600w, https:\/\/www.lodging-management.com\/wp-content\/uploads\/2024\/03\/Rectangle-600x400-1-300x200.png 300w\" data-sizes=\"(max-width: 600px) 100vw, 600px\" src=\"data:image\/svg+xml;base64,PHN2ZyB3aWR0aD0iMSIgaGVpZ2h0PSIxIiB4bWxucz0iaHR0cDovL3d3dy53My5vcmcvMjAwMC9zdmciPjwvc3ZnPg==\" style=\"--smush-placeholder-width: 600px; --smush-placeholder-aspect-ratio: 600\/400;\" \/>\t\t\t\t\t\t\t\t\t\t\t\t\t\t\t<\/div>\n\t\t\t\t<\/div>\n\t\t\t\t<\/div>\n\t\t\t\t<div class=\"elementor-element elementor-element-db75cc9 elementor-widget elementor-widget-text-editor\" data-id=\"db75cc9\" data-element_type=\"widget\" data-e-type=\"widget\" data-widget_type=\"text-editor.default\">\n\t\t\t\t<div class=\"elementor-widget-container\">\n\t\t\t\t\t\t\t\t\t<p>La nostra primera pol\u00edtica \u00e9s reutilitzar i reciclar tot el que ens pugui ser \u00fatil en el treball de restyling.<\/p>\n<p>Afavorim la mobilitat sostenible gr\u00e0cies a l&#8217;alian\u00e7a amb <a href=\"https:\/\/www.kleta.com\/\" target=\"_blank\" rel=\"noopener\">Kleta<\/a>, empresa especialitzada en el lloguer de bicicletes per subscripci\u00f3.<\/p>\n\t\t\t\t\t\t\t\t<\/div>\n\t\t\t\t<\/div>\n\t\t\t\t<\/div>\n\t\t\t\t<\/div>\n\t\t<div class=\"elementor-element elementor-element-7b59535 e-con-full e-flex e-con e-parent\" data-id=\"7b59535\" data-element_type=\"container\" data-e-type=\"container\">\n\t\t<div class=\"elementor-element elementor-element-1d15ee2 e-con-full e-flex e-con e-child\" data-id=\"1d15ee2\" data-element_type=\"container\" data-e-type=\"container\">\n\t\t\t\t<div class=\"elementor-element elementor-element-a837879 elementor-widget elementor-widget-heading\" data-id=\"a837879\" data-element_type=\"widget\" data-e-type=\"widget\" data-widget_type=\"heading.default\">\n\t\t\t\t<div class=\"elementor-widget-container\">\n\t\t\t\t\t<h2 class=\"elementor-heading-title elementor-size-default\">Estalvi energ\u00e8tic<\/h2>\t\t\t\t<\/div>\n\t\t\t\t<\/div>\n\t\t\t\t<div class=\"elementor-element elementor-element-49a5ebf elementor-widget elementor-widget-text-editor\" data-id=\"49a5ebf\" data-element_type=\"widget\" data-e-type=\"widget\" data-widget_type=\"text-editor.default\">\n\t\t\t\t<div class=\"elementor-widget-container\">\n\t\t\t\t\t\t\t\t\t<p>Promovem la instal\u00b7laci\u00f3 de sistemes intel\u00b7ligents que afavoreixen l&#8217;estalvi energ\u00e8tic per detecci\u00f3 de problemes i fuites.<\/p>\n\t\t\t\t\t\t\t\t<\/div>\n\t\t\t\t<\/div>\n\t\t\t\t<div class=\"elementor-element elementor-element-098c8ca elementor-widget elementor-widget-text-editor\" data-id=\"098c8ca\" data-element_type=\"widget\" data-e-type=\"widget\" data-widget_type=\"text-editor.default\">\n\t\t\t\t<div class=\"elementor-widget-container\">\n\t\t\t\t\t\t\t\t\t<p>A m\u00e9s, avaluem i, si cal, assumim la reforma i millora dels pisos per millorar-ne els a\u00efllaments.<\/p>\n\t\t\t\t\t\t\t\t<\/div>\n\t\t\t\t<\/div>\n\t\t\t\t<div class=\"elementor-element elementor-element-4f06c99 elementor-widget elementor-widget-text-editor\" data-id=\"4f06c99\" data-element_type=\"widget\" data-e-type=\"widget\" data-widget_type=\"text-editor.default\">\n\t\t\t\t<div class=\"elementor-widget-container\">\n\t\t\t\t\t\t\t\t\t<p>Quan \u00e9s possible, donem suport a iniciatives com la instal\u00b7laci\u00f3 de plaques solars per al subministrament el\u00e8ctric i\/o d\u2019aigua calent,a o sistemes de cloraci\u00f3 salina mitjan\u00e7ant electr\u00f2lisi per al manteniment de piscines.<\/p>\n\t\t\t\t\t\t\t\t<\/div>\n\t\t\t\t<\/div>\n\t\t\t\t<\/div>\n\t\t<div class=\"elementor-element elementor-element-fb6c157 e-con-full e-flex e-con e-child\" data-id=\"fb6c157\" data-element_type=\"container\" data-e-type=\"container\">\n\t\t<div class=\"elementor-element elementor-element-5bd90c3 e-con-full e-grid e-con e-child\" data-id=\"5bd90c3\" data-element_type=\"container\" data-e-type=\"container\">\n\t\t\t\t<div class=\"elementor-element elementor-element-2f6758c elementor-widget__width-initial s-c4-image1 elementor-widget elementor-widget-image\" data-id=\"2f6758c\" data-element_type=\"widget\" data-e-type=\"widget\" data-widget_type=\"image.default\">\n\t\t\t\t<div class=\"elementor-widget-container\">\n\t\t\t\t\t\t\t\t\t\t\t\t\t\t\t<img decoding=\"async\" width=\"600\" height=\"400\" data-src=\"https:\/\/www.lodging-management.com\/wp-content\/uploads\/2024\/03\/img_ahorro-energetico_600x400_1.jpg\" class=\"attachment-large size-large wp-image-17229 lazyload\" alt=\"\" data-srcset=\"https:\/\/www.lodging-management.com\/wp-content\/uploads\/2024\/03\/img_ahorro-energetico_600x400_1.jpg 600w, https:\/\/www.lodging-management.com\/wp-content\/uploads\/2024\/03\/img_ahorro-energetico_600x400_1-300x200.jpg 300w\" data-sizes=\"(max-width: 600px) 100vw, 600px\" src=\"data:image\/svg+xml;base64,PHN2ZyB3aWR0aD0iMSIgaGVpZ2h0PSIxIiB4bWxucz0iaHR0cDovL3d3dy53My5vcmcvMjAwMC9zdmciPjwvc3ZnPg==\" style=\"--smush-placeholder-width: 600px; --smush-placeholder-aspect-ratio: 600\/400;\" \/>\t\t\t\t\t\t\t\t\t\t\t\t\t\t\t<\/div>\n\t\t\t\t<\/div>\n\t\t\t\t<div class=\"elementor-element elementor-element-5eaceb5 elementor-widget__width-initial s-c4-image2 elementor-widget elementor-widget-image\" data-id=\"5eaceb5\" data-element_type=\"widget\" data-e-type=\"widget\" data-widget_type=\"image.default\">\n\t\t\t\t<div class=\"elementor-widget-container\">\n\t\t\t\t\t\t\t\t\t\t\t\t\t\t\t<img decoding=\"async\" width=\"600\" height=\"400\" data-src=\"https:\/\/www.lodging-management.com\/wp-content\/uploads\/2024\/03\/img_ahorro-energetico_600x400_2.jpg\" class=\"attachment-large size-large wp-image-17228 lazyload\" alt=\"\" data-srcset=\"https:\/\/www.lodging-management.com\/wp-content\/uploads\/2024\/03\/img_ahorro-energetico_600x400_2.jpg 600w, https:\/\/www.lodging-management.com\/wp-content\/uploads\/2024\/03\/img_ahorro-energetico_600x400_2-300x200.jpg 300w\" data-sizes=\"(max-width: 600px) 100vw, 600px\" src=\"data:image\/svg+xml;base64,PHN2ZyB3aWR0aD0iMSIgaGVpZ2h0PSIxIiB4bWxucz0iaHR0cDovL3d3dy53My5vcmcvMjAwMC9zdmciPjwvc3ZnPg==\" style=\"--smush-placeholder-width: 600px; --smush-placeholder-aspect-ratio: 600\/400;\" \/>\t\t\t\t\t\t\t\t\t\t\t\t\t\t\t<\/div>\n\t\t\t\t<\/div>\n\t\t\t\t<div class=\"elementor-element elementor-element-c2c89ea elementor-widget__width-initial s-c4-image3 elementor-widget elementor-widget-image\" data-id=\"c2c89ea\" data-element_type=\"widget\" data-e-type=\"widget\" data-widget_type=\"image.default\">\n\t\t\t\t<div class=\"elementor-widget-container\">\n\t\t\t\t\t\t\t\t\t\t\t\t\t\t\t<img decoding=\"async\" width=\"600\" height=\"400\" data-src=\"https:\/\/www.lodging-management.com\/wp-content\/uploads\/2024\/03\/img_ahorro-energetico_600x400_3.jpg\" class=\"attachment-large size-large wp-image-17227 lazyload\" alt=\"\" data-srcset=\"https:\/\/www.lodging-management.com\/wp-content\/uploads\/2024\/03\/img_ahorro-energetico_600x400_3.jpg 600w, https:\/\/www.lodging-management.com\/wp-content\/uploads\/2024\/03\/img_ahorro-energetico_600x400_3-300x200.jpg 300w\" data-sizes=\"(max-width: 600px) 100vw, 600px\" src=\"data:image\/svg+xml;base64,PHN2ZyB3aWR0aD0iMSIgaGVpZ2h0PSIxIiB4bWxucz0iaHR0cDovL3d3dy53My5vcmcvMjAwMC9zdmciPjwvc3ZnPg==\" style=\"--smush-placeholder-width: 600px; --smush-placeholder-aspect-ratio: 600\/400;\" \/>\t\t\t\t\t\t\t\t\t\t\t\t\t\t\t<\/div>\n\t\t\t\t<\/div>\n\t\t\t\t<div class=\"elementor-element elementor-element-7e28b58 elementor-widget__width-initial s-c4-image4 elementor-widget elementor-widget-image\" data-id=\"7e28b58\" data-element_type=\"widget\" data-e-type=\"widget\" data-widget_type=\"image.default\">\n\t\t\t\t<div class=\"elementor-widget-container\">\n\t\t\t\t\t\t\t\t\t\t\t\t\t\t\t<img decoding=\"async\" width=\"600\" height=\"400\" data-src=\"https:\/\/www.lodging-management.com\/wp-content\/uploads\/2024\/03\/img_ahorro-energetico_600x400_4.jpg\" class=\"attachment-large size-large wp-image-17226 lazyload\" alt=\"\" data-srcset=\"https:\/\/www.lodging-management.com\/wp-content\/uploads\/2024\/03\/img_ahorro-energetico_600x400_4.jpg 600w, https:\/\/www.lodging-management.com\/wp-content\/uploads\/2024\/03\/img_ahorro-energetico_600x400_4-300x200.jpg 300w\" data-sizes=\"(max-width: 600px) 100vw, 600px\" src=\"data:image\/svg+xml;base64,PHN2ZyB3aWR0aD0iMSIgaGVpZ2h0PSIxIiB4bWxucz0iaHR0cDovL3d3dy53My5vcmcvMjAwMC9zdmciPjwvc3ZnPg==\" style=\"--smush-placeholder-width: 600px; --smush-placeholder-aspect-ratio: 600\/400;\" \/>\t\t\t\t\t\t\t\t\t\t\t\t\t\t\t<\/div>\n\t\t\t\t<\/div>\n\t\t\t\t<div class=\"elementor-element elementor-element-bc79488 elementor-widget__width-auto s-c4-icon elementor-widget elementor-widget-image\" data-id=\"bc79488\" data-element_type=\"widget\" data-e-type=\"widget\" data-widget_type=\"image.default\">\n\t\t\t\t<div class=\"elementor-widget-container\">\n\t\t\t\t\t\t\t\t\t\t\t\t\t\t\t<img decoding=\"async\" data-src=\"https:\/\/www.lodging-management.com\/wp-content\/uploads\/2024\/03\/ic_eficiencia-energetica_white-square.svg\" title=\"ic_eficiencia-energetica_white-square\" alt=\"ic_eficiencia-energetica_white-square\" src=\"data:image\/svg+xml;base64,PHN2ZyB3aWR0aD0iMSIgaGVpZ2h0PSIxIiB4bWxucz0iaHR0cDovL3d3dy53My5vcmcvMjAwMC9zdmciPjwvc3ZnPg==\" class=\"lazyload\" \/>\t\t\t\t\t\t\t\t\t\t\t\t\t\t\t<\/div>\n\t\t\t\t<\/div>\n\t\t\t\t<\/div>\n\t\t\t\t<\/div>\n\t\t\t\t<\/div>\n\t\t\t\t<\/div>\n\t\t","protected":false},"excerpt":{"rendered":"<p>Comprom\u00eds amb la sostenibilitat i el medi ambient Som una empresa nascuda a Barcelona i volem continuar contribuint al seu creixement econ\u00f2mic, sense deixar de banda el nostre comprom\u00eds ambiental. Aquest posicionament, a m\u00e9s, suposa una major rendibilitat per als nostres propietaris, ja que els permet estalviar energia i recursos. Ens envoltem de socis estrat\u00e8gics [&hellip;]<\/p>\n","protected":false},"author":5,"featured_media":17911,"parent":0,"menu_order":0,"comment_status":"closed","ping_status":"closed","template":"elementor_header_footer","meta":{"footnotes":""},"class_list":["post-17222","page","type-page","status-publish","has-post-thumbnail","hentry"],"_links":{"self":[{"href":"https:\/\/www.lodging-management.com\/ca\/wp-json\/wp\/v2\/pages\/17222","targetHints":{"allow":["GET"]}}],"collection":[{"href":"https:\/\/www.lodging-management.com\/ca\/wp-json\/wp\/v2\/pages"}],"about":[{"href":"https:\/\/www.lodging-management.com\/ca\/wp-json\/wp\/v2\/types\/page"}],"author":[{"embeddable":true,"href":"https:\/\/www.lodging-management.com\/ca\/wp-json\/wp\/v2\/users\/5"}],"replies":[{"embeddable":true,"href":"https:\/\/www.lodging-management.com\/ca\/wp-json\/wp\/v2\/comments?post=17222"}],"version-history":[{"count":0,"href":"https:\/\/www.lodging-management.com\/ca\/wp-json\/wp\/v2\/pages\/17222\/revisions"}],"wp:featuredmedia":[{"embeddable":true,"href":"https:\/\/www.lodging-management.com\/ca\/wp-json\/wp\/v2\/media\/17911"}],"wp:attachment":[{"href":"https:\/\/www.lodging-management.com\/ca\/wp-json\/wp\/v2\/media?parent=17222"}],"curies":[{"name":"wp","href":"https:\/\/api.w.org\/{rel}","templated":true}]}}