{"id":17277,"date":"2024-07-03T13:03:29","date_gmt":"2024-07-03T12:03:29","guid":{"rendered":"https:\/\/www.lodging-management.com\/?page_id=17277"},"modified":"2024-07-18T18:24:46","modified_gmt":"2024-07-18T17:24:46","slug":"politica-de-privadesa","status":"publish","type":"page","link":"https:\/\/www.lodging-management.com\/ca\/politica-de-privadesa\/","title":{"rendered":"Politica de Privadesa"},"content":{"rendered":"\t\t<div data-elementor-type=\"wp-page\" data-elementor-id=\"17277\" class=\"elementor elementor-17277 elementor-7474\" data-elementor-post-type=\"page\">\n\t\t\t\t<div class=\"elementor-element elementor-element-20fe3e4 e-flex e-con-boxed e-con e-child\" data-id=\"20fe3e4\" data-element_type=\"container\" data-e-type=\"container\" data-settings=\"{&quot;background_background&quot;:&quot;classic&quot;}\">\n\t\t\t\t\t<div class=\"e-con-inner\">\n\t\t\t\t<div class=\"elementor-element elementor-element-fd3b798 elementor-widget elementor-widget-heading\" data-id=\"fd3b798\" data-element_type=\"widget\" data-e-type=\"widget\" data-widget_type=\"heading.default\">\n\t\t\t\t<div class=\"elementor-widget-container\">\n\t\t\t\t\t<h1 class=\"elementor-heading-title elementor-size-default\">Politica de Privadesa<\/h1>\t\t\t\t<\/div>\n\t\t\t\t<\/div>\n\t\t\t\t<div class=\"elementor-element elementor-element-0bb5dba elementor-widget elementor-widget-text-editor\" data-id=\"0bb5dba\" data-element_type=\"widget\" data-e-type=\"widget\" data-widget_type=\"text-editor.default\">\n\t\t\t\t<div class=\"elementor-widget-container\">\n\t\t\t\t\t\t\t\t\t<p>En compliment del cap\u00edtol II de la Llei 34\/2002, LSSICE, l&#8217;informem que aquest lloc web \u00e9s propietat de\u00a0<strong>LODGING APARTMENTS, S.L.<\/strong>, en endavant tamb\u00e9 del Prestador, amb domicili a\u00a0<strong>Arag\u00f3, 373 baixos 08013, Barcelona<\/strong>, \u200b\u200btel\u00e8fon:\u00a0<strong>+34 931 146 004<\/strong> i correu electr\u00f2nic:\u00a0<strong>info@lodgingapartments.com<\/strong>.<\/p>\t\t\t\t\t\t\t\t<\/div>\n\t\t\t\t<\/div>\n\t\t\t\t<div class=\"elementor-element elementor-element-72ce9b0 elementor-widget elementor-widget-text-editor\" data-id=\"72ce9b0\" data-element_type=\"widget\" data-e-type=\"widget\" data-widget_type=\"text-editor.default\">\n\t\t\t\t<div class=\"elementor-widget-container\">\n\t\t\t\t\t\t\t\t\t<p><strong>LODGING APARTMENTS, S.L.<\/strong>, \u00e9s responsable d&#8217;aquest Lloc Web i d&#8217;acord amb el que disposa la normativa vigent en mat\u00e8ria de protecci\u00f3 de dades de car\u00e0cter personal, Reglament (UE) 2016\/679 de 27 d&#8217;abril de 2016 (GDPR) de Protecci\u00f3 de Dades de Car\u00e0cter Personal, amb pel que fa al tractament de dades de car\u00e0cter personal i a la lliure circulaci\u00f3 d&#8217;aquestes dades, la Llei Org\u00e0nica 15\/1999, de 13 de desembre, de Protecci\u00f3 de Dades de Car\u00e0cter Personal (LOPD) i la Llei 34\/2002, d&#8217;11 de juliol, de la Societat de la Informaci\u00f3 i Serveis de Comer\u00e7 Electr\u00f2nic (LSSICE), ha implantat totes les mesures de seguretat, tant t\u00e8cniques com organitzatives, establertes pel Reial Decret 1720\/2007, de 21 de desembre (pel qual es desenvolupa la LOPD) per garantir i protegir la confidencialitat, integritat i disponibilitat de les dades introdu\u00efdes. .<\/p>\t\t\t\t\t\t\t\t<\/div>\n\t\t\t\t<\/div>\n\t\t\t\t<div class=\"elementor-element elementor-element-0a669ee elementor-widget elementor-widget-text-editor\" data-id=\"0a669ee\" data-element_type=\"widget\" data-e-type=\"widget\" data-widget_type=\"text-editor.default\">\n\t\t\t\t<div class=\"elementor-widget-container\">\n\t\t\t\t\t\t\t\t\t<p>Als efectes del que disposa la LOPD,\u00a0<strong>LODGING APARTMENTS, S.L. <\/strong>l&#8217;informa que la informaci\u00f3 que ens est\u00e0 facilitant volunt\u00e0riament s&#8217;incorporar\u00e0 als nostres sistemes d&#8217;informaci\u00f3 per tal de realitzar els tr\u00e0mits comercials i administratius necessaris amb els usuaris del lloc web. Les operacions que es preveuen dur a terme s\u00f3n les seg\u00fcents: donar resposta a les consultes i\/o facilitar informaci\u00f3 sol\u00b7licitada per l&#8217;Usuari; realitzar la prestaci\u00f3 de serveis i\/o productes contractats o subscrits per l&#8217;Usuari; realitzar totes aquelles activitats de\u00a0<strong>LODING APARTMENTS, S.L. <\/strong>descrit en aquest av\u00eds legal, i enviar el butllet\u00ed del lloc web.<\/p>\t\t\t\t\t\t\t\t<\/div>\n\t\t\t\t<\/div>\n\t\t\t\t<div class=\"elementor-element elementor-element-0b9964e elementor-widget elementor-widget-text-editor\" data-id=\"0b9964e\" data-element_type=\"widget\" data-e-type=\"widget\" data-widget_type=\"text-editor.default\">\n\t\t\t\t<div class=\"elementor-widget-container\">\n\t\t\t\t\t\t\t\t\t<p>El signant garanteix la veracitat de les dades facilitades i es compromet a la necessitat de comunicar els canvis que es puguin produir en les mateixes.<\/p>\t\t\t\t\t\t\t\t<\/div>\n\t\t\t\t<\/div>\n\t\t\t\t<div class=\"elementor-element elementor-element-47f6168 elementor-widget elementor-widget-text-editor\" data-id=\"47f6168\" data-element_type=\"widget\" data-e-type=\"widget\" data-widget_type=\"text-editor.default\">\n\t\t\t\t<div class=\"elementor-widget-container\">\n\t\t\t\t\t\t\t\t\t<p>El Prestador, marcat amb un asterisc (*) a les caselles corresponents del formulari de contacte, informa l&#8217;Usuari d&#8217;aquestes obligacions, indicant quines dades s\u00f3n necess\u00e0ries. Mitjan\u00e7ant la indicaci\u00f3 i introducci\u00f3 de les dades, l&#8217;Usuari atorga el consentiment inequ\u00edvoc a\u00a0<strong>LODGING APARTMENTS, S.L. <\/strong>procedir al tractament de les dades facilitades per a les finalitats esmentades anteriorment.<\/p><p>El fet de no facilitar les dades personals sol\u00b7licitades o la no acceptaci\u00f3 d&#8217;aquesta pol\u00edtica de protecci\u00f3 de dades comporta la impossibilitat de subscriure&#8217;s, registrar-se o rebre informaci\u00f3 sobre els productes i serveis del Prove\u00efdor.<\/p><p>D&#8217;acord amb la normativa vigent en mat\u00e8ria de protecci\u00f3 de dades de car\u00e0cter personal, el prestador est\u00e0 complint amb totes les disposicions de la normativa GDPR i LOPD per al tractament de dades personals sota la seva responsabilitat, de manera marcada amb els principis descrits a l&#8217;article 5 del RGPD i a l&#8217;article 4 de la LOPD, pel qual s\u00f3n tractats de manera l\u00edcita, lleial i transparent en relaci\u00f3 amb l&#8217;interessat i adequada, pertinent, i limitada al que sigui necessari en relaci\u00f3 amb les finalitats per a les quals s\u00f3n tractats.<\/p>\t\t\t\t\t\t\t\t<\/div>\n\t\t\t\t<\/div>\n\t\t\t\t<div class=\"elementor-element elementor-element-11e3b4b elementor-widget elementor-widget-text-editor\" data-id=\"11e3b4b\" data-element_type=\"widget\" data-e-type=\"widget\" data-widget_type=\"text-editor.default\">\n\t\t\t\t<div class=\"elementor-widget-container\">\n\t\t\t\t\t\t\t\t\t<p>D&#8217;acord amb aquesta normativa, doncs, l&#8217;informem que t\u00e9 dret a sol\u00b7licitar l&#8217;acc\u00e9s, rectificaci\u00f3, portabilitat i supressi\u00f3 de les seves dades i la limitaci\u00f3 i oposici\u00f3 al seu tractament dirigint-se a\u00a0<strong>Arag\u00f3, 373 baixos 08013, Barcelona<\/strong>, enviant un correu electr\u00f2nic a\u00a0<b>info@lodgingapartments.com<\/b>, indicant com a Assumpte: \u201cLOPD, ARCO Rights\u201d, i adjuntant una fotoc\u00f2pia del seu DNI o qualsevol identificaci\u00f3 legal similar, tal com indica la llei. Teniu dret a retirar el consentiment prestat en qualsevol moment. La retirada del consentiment no afectar\u00e0 la licitud del tractament realitzat abans de la retirada del consentiment. Tamb\u00e9 tens dret a presentar una reclamaci\u00f3 davant l&#8217;autoritat de control si creus que s&#8217;han pogut vulnerar els teus drets en relaci\u00f3 a la protecci\u00f3 de les teves dades (agpd.es).<\/p>\t\t\t\t\t\t\t\t<\/div>\n\t\t\t\t<\/div>\n\t\t\t\t<div class=\"elementor-element elementor-element-f4857d4 elementor-widget elementor-widget-text-editor\" data-id=\"f4857d4\" data-element_type=\"widget\" data-e-type=\"widget\" data-widget_type=\"text-editor.default\">\n\t\t\t\t<div class=\"elementor-widget-container\">\n\t\t\t\t\t\t\t\t\t<h3><strong>CONFIDENCIALITAT I TRANSFER\u00c8NCIA DE DADES A TERCERS<\/strong><\/h3><p>La informaci\u00f3 que proporcioneu ser\u00e0 tractada de manera confidencial. El Prestador ha adoptat totes les mesures t\u00e8cniques i organitzatives i tots els nivells de protecci\u00f3 necessaris per garantir la seguretat en el tractament de les dades i evitar la seva alteraci\u00f3, p\u00e8rdua, robatori, tractament o acc\u00e9s no autoritzat, segons l&#8217;estat de la tecnologia i naturalesa de les dades emmagatzemades. Aix\u00ed mateix, tamb\u00e9 es garanteix que el tractament i registre en fitxers, programes, sistemes o equips, locals i centres compleixen els requisits i condicions d&#8217;integritat i seguretat establerts a la normativa vigent.<\/p><p><strong>LODGING APARTAMENTS, S.L.<\/strong> no cedir\u00e0 dades personals a tercers, excepte per obligaci\u00f3 legal. No obstant aix\u00f2, en el cas de ser cedit a un tercer, la informaci\u00f3 seria pr\u00e8viament obtinguda per l&#8217;Usuari sol\u00b7licitant el consentiment expr\u00e9s per a tal cessi\u00f3. L&#8217;entitat responsable de la base de dades, aix\u00ed com les que intervenen en qualsevol fase del tractament, i\/o les entitats a les quals hagin estat comunicades, -en tot cas sempre amb la corresponent autoritzaci\u00f3 atorgada per l&#8217;usuari-, estan obligats a observar el secret professional, l&#8217;adopci\u00f3 de nivells de protecci\u00f3, aix\u00ed com les mesures t\u00e8cniques i organitzatives necess\u00e0ries per garantir la seguretat de les dades personals, evitant, en la mesura del possible, l&#8217;acc\u00e9s no autoritzat, les modificacions il\u00b7legals, les substraccions i\/o la p\u00e8rdua de dades, amb la finalitat de garantir el nivell de seguretat corresponent dels fitxers dels Prove\u00efdors, segons la naturalesa i la sensibilitat de les dades facilitades pels usuaris d&#8217;aquest Lloc Web.<\/p>\t\t\t\t\t\t\t\t<\/div>\n\t\t\t\t<\/div>\n\t\t\t\t<div class=\"elementor-element elementor-element-c45b5c4 elementor-widget elementor-widget-text-editor\" data-id=\"c45b5c4\" data-element_type=\"widget\" data-e-type=\"widget\" data-widget_type=\"text-editor.default\">\n\t\t\t\t<div class=\"elementor-widget-container\">\n\t\t\t\t\t\t\t\t\t<h3><strong>ACCEPTACI\u00d3 I CONSENTIMENT\u00a0<\/strong><\/h3><p>L&#8217;Usuari declara haver estat informat de les condicions sobre protecci\u00f3 de dades de car\u00e0cter personal, acceptant i consentint el tractament automatitzat de les mateixes per part de\u00a0<b>LODGING APARTMENTS, S.L.<\/b> en la forma i per a les finalitats indicades en aquesta Pol\u00edtica de Protecci\u00f3 de Dades Personals.<\/p><p>Mitjan\u00e7ant aquesta Pol\u00edtica de Privacitat l&#8217;informem que les fotografies que es pengen al lloc web s\u00f3n propietat de\u00a0<b>LODGING APARTMENTS, S.L.<\/b>, incloses les de menors d&#8217;edat, dels quals, per obtenir-les, s&#8217;ha obtingut el consentiment previ dels pares, tutors, o representants legals mitjan\u00e7ant la signatura dels formularis elaborats a tal efecte pels centres en els quals formen part els menors. No obstant aix\u00f2, els pares, tutors o representants dels menors d&#8217;edat, com a titulars legals de l&#8217;exercici dels drets dels menors esmentats anteriorment, i sempre pr\u00e8via sol\u00b7licitud formal per escrit, poden indicar la negativa a utilitzar la imatge del menor; en aquest cas, la imatge es mostrar\u00e0 en forma pixelada.<\/p>\t\t\t\t\t\t\t\t<\/div>\n\t\t\t\t<\/div>\n\t\t\t\t<div class=\"elementor-element elementor-element-d50e57c elementor-widget elementor-widget-text-editor\" data-id=\"d50e57c\" data-element_type=\"widget\" data-e-type=\"widget\" data-widget_type=\"text-editor.default\">\n\t\t\t\t<div class=\"elementor-widget-container\">\n\t\t\t\t\t\t\t\t\t<h3><strong>EXACTITUD I VERACITAT DE LES DADES\u00a0<\/strong><\/h3><p>L&#8217;Usuari \u00e9s l&#8217;\u00fanic responsable de l&#8217;exactitud i veracitat de les dades remeses a\u00a0<b>LODGING APARTMENTS, S.L.<\/b>, exonerant al Prestador de qualsevol responsabilitat al respecte. Els usuaris garanteixen i es fan responsables, en tot cas, de l&#8217;exactitud, vig\u00e8ncia i autenticitat de les dades personals facilitades, i es comprometen a mantenir les dades facilitades degudament actualitzades. L&#8217;Usuari es compromet a proporcionar informaci\u00f3 completa i correcta en el formulari de registre o subscripci\u00f3.<\/p>\t\t\t\t\t\t\t\t<\/div>\n\t\t\t\t<\/div>\n\t\t\t\t<div class=\"elementor-element elementor-element-f5a5c5c elementor-widget elementor-widget-text-editor\" data-id=\"f5a5c5c\" data-element_type=\"widget\" data-e-type=\"widget\" data-widget_type=\"text-editor.default\">\n\t\t\t\t<div class=\"elementor-widget-container\">\n\t\t\t\t\t\t\t\t\t<h3><strong>CONTINGUT DELS ENLLA\u00c7OS WEB\u00a0<\/strong><\/h3><p><b>LODGING APARTMENTS, S.L. <\/b>es reserva el dret d&#8217;actualitzar, modificar o eliminar la informaci\u00f3 continguda en el lloc web, podent fins i tot limitar o denegar l&#8217;acc\u00e9s a la informaci\u00f3.<\/p><p><b>LODGING APARTMENTS, S.L. <\/b>no assumeix cap tipus de responsabilitat per la informaci\u00f3 continguda en els llocs web de tercers als quals es pugui accedir a trav\u00e9s dels enlla\u00e7os des de qualsevol edat web propietat del Prestador.<\/p><p>La pres\u00e8ncia d&#8217;enlla\u00e7os t\u00e9 una finalitat merament informativa i en cap cas implica cap suggeriment, invitaci\u00f3 o reconeixement al respecte.<\/p>\t\t\t\t\t\t\t\t<\/div>\n\t\t\t\t<\/div>\n\t\t\t\t<div class=\"elementor-element elementor-element-32e7882 elementor-widget elementor-widget-text-editor\" data-id=\"32e7882\" data-element_type=\"widget\" data-e-type=\"widget\" data-widget_type=\"text-editor.default\">\n\t\t\t\t<div class=\"elementor-widget-container\">\n\t\t\t\t\t\t\t\t\t<h3><strong>PRESENTACI\u00d3 DEL CV (CURRICULUM VITAE)<\/strong><\/h3><p>En el cas que l&#8217;Usuari envi\u00ef el seu curr\u00edculum a trav\u00e9s de la nostra p\u00e0gina web, l&#8217;informem que la informaci\u00f3 facilitada ser\u00e0 tractada per fer-lo part\u00edcip en els processos de selecci\u00f3 que hi pugui haver, realitzant una an\u00e0lisi del perfil del sol\u00b7licitant per tal de seleccionar el millor candidat. per a la vacant del Prove\u00efdor. Us informem que aquest \u00e9s l&#8217;\u00fanic tr\u00e0mit oficial per acceptar el vostre curr\u00edculum, per la qual cosa no s&#8217;acceptaran curr\u00edculums presentats per un altre procediment. En cas de qualsevol canvi en les dades, si us plau, ens ho comuniqueu per escrit el m\u00e9s aviat possible, per tal de mantenir les vostres dades degudament actualitzades.<\/p><p>Les dades es conservaran durant un per\u00edode m\u00e0xim d&#8217;un any, transcorregut el qual les dades seran suprimides garantint un respecte total a la confidencialitat, tant en el tractament com en la seva posterior destrucci\u00f3. En aquest sentit, un cop transcorregut el termini esmentat, i si desitja continuar participant en els processos de selecci\u00f3 del Responsable, si us plau, torneu a presentar el vostre curr\u00edculum.<\/p><p>Les dades podran ser tractades i\/o comunicades a les empreses membres del nostre grup durant el temps de conservaci\u00f3 del curr\u00edculum i per a les mateixes finalitats informades pr\u00e8viament.<\/p>\t\t\t\t\t\t\t\t<\/div>\n\t\t\t\t<\/div>\n\t\t\t\t<div class=\"elementor-element elementor-element-374f83e elementor-widget elementor-widget-text-editor\" data-id=\"374f83e\" data-element_type=\"widget\" data-e-type=\"widget\" data-widget_type=\"text-editor.default\">\n\t\t\t\t<div class=\"elementor-widget-container\">\n\t\t\t\t\t\t\t\t\t<h3><strong>LODGING APARTAMENTS, S.L. SUBSCRIPCI\u00d3 AL BLOG\u00a0<\/strong><\/h3><p>En el cas que l&#8217;Usuari es subscrigui al bloc, l&#8217;informem que la informaci\u00f3 facilitada ser\u00e0 tractada per gestionar la seva subscripci\u00f3 al bloc d&#8217;informaci\u00f3 amb avisos d&#8217;actualitzaci\u00f3 i que es conservar\u00e0 fins que hi hagi un inter\u00e8s mutu per arribar al final del el tractament. Quan ja no sigui necessari per a aquesta finalitat, s&#8217;eliminaran amb les mesures de seguretat adequades per garantir la pseud\u00f2nim de les dades o la destrucci\u00f3 total de les dades. Les dades no seran comunicades a tercers, llevat que hi hagi una obligaci\u00f3 legal de fer-ho.<\/p>\t\t\t\t\t\t\t\t<\/div>\n\t\t\t\t<\/div>\n\t\t\t\t<div class=\"elementor-element elementor-element-e8d919d elementor-widget elementor-widget-text-editor\" data-id=\"e8d919d\" data-element_type=\"widget\" data-e-type=\"widget\" data-widget_type=\"text-editor.default\">\n\t\t\t\t<div class=\"elementor-widget-container\">\n\t\t\t\t\t\t\t\t\t<h3><strong>PARTICIPACI\u00d3 AL F\u00d2RUM<\/strong><\/h3><p>En el cas que l&#8217;Usuari vulgui participar en els f\u00f2rums web, li informem que les dades facilitades seran tractades per regular la participaci\u00f3 en el mateix. Qualsevol registre o transmissi\u00f3 de dades personals facilitades per l&#8217;Usuari en aquest f\u00f2rum implica el coneixement i acceptaci\u00f3 inequ\u00edvocs de l&#8217;Av\u00eds Legal i de la Pol\u00edtica de Privacitat que s&#8217;exposen al lloc web. Les dades es conservaran mentre existeixi un inter\u00e8s mutu per arribar al final del tractament i quan ja no sigui necessari per a aquesta finalitat, es suprimiran amb les mesures de seguretat adequades per garantir la pseud\u00f2nim de les dades o la destrucci\u00f3 total. de les dades. Les publicacions es mostraran p\u00fablicament als usuaris del f\u00f2rum en l\u00ednia.<\/p>\t\t\t\t\t\t\t\t<\/div>\n\t\t\t\t<\/div>\n\t\t\t\t<div class=\"elementor-element elementor-element-62e4197 elementor-widget elementor-widget-text-editor\" data-id=\"62e4197\" data-element_type=\"widget\" data-e-type=\"widget\" data-widget_type=\"text-editor.default\">\n\t\t\t\t<div class=\"elementor-widget-container\">\n\t\t\t\t\t\t\t\t\t<h3><strong>PUBLICACI\u00d3 DE COMENTARIS<\/strong><\/h3><p>En el cas que l&#8217;Usuari vulgui publicar la seva opini\u00f3 a la web, l&#8217;informem que la informaci\u00f3 facilitada ser\u00e0 valorada per atendre els suggeriments, experi\u00e8ncies o opinions proposats sobre els productes i\/o serveis per tal de ser publicats al lloc web. amb la finalitat d&#8217;ajudar altres usuaris. Les dades es conservaran mentre existeixi un inter\u00e8s mutu per mantenir fins a la finalitzaci\u00f3 del conveni i quan ja no sigui necessari per a aquesta finalitat, es suprimiran amb les mesures de seguretat adequades per garantir la pseud\u00f2nim de les dades o la seva destrucci\u00f3 total. de les dades. Els testimonis es publicaran a la nostra web. Les \u00faniques dades personals que es publicaran respecte a l&#8217;autor del testimoni ser\u00e0 el seu nom.<\/p>\t\t\t\t\t\t\t\t<\/div>\n\t\t\t\t<\/div>\n\t\t\t\t<div class=\"elementor-element elementor-element-366b937 elementor-widget elementor-widget-text-editor\" data-id=\"366b937\" data-element_type=\"widget\" data-e-type=\"widget\" data-widget_type=\"text-editor.default\">\n\t\t\t\t<div class=\"elementor-widget-container\">\n\t\t\t\t\t\t\t\t\t<h3><strong>CANVIS EN AQUESTA POL\u00cdTICA DE PRIVADESA<\/strong><\/h3><p><b>LODGING APARTMENTS, S.L. <\/b>es reserva el dret a modificar la pol\u00edtica vigent per tal d&#8217;adaptar-la a novetats legislatives o jurisprudencials.<\/p><p><strong>CORREU COMERCIAL<\/strong><\/p><p><b>LODGING APARTMENTS, S.L. <\/b>es reserva el dret a modificar la pol\u00edtica vigent per adaptar-la a novetats legislatives o jurisprudencials.<\/p><p>Segons la LSSICE,\u00a0<b>LODGING APARTMENTS, S.L.\u00a0<\/b>no realitza pr\u00e0ctiques de SPAM, per tant, no envia correus electr\u00f2nics comercials que no hagin estat pr\u00e8viament sol\u00b7licitats o autoritzats per l&#8217;Usuari. En conseq\u00fc\u00e8ncia, en cadascun dels formularis de la P\u00e0gina Web, l&#8217;Usuari t\u00e9 la possibilitat de donar el seu consentiment expr\u00e9s per rebre els correus electr\u00f2nics del nostre Butllet\u00ed, amb independ\u00e8ncia de la informaci\u00f3 comercial puntualment sol\u00b7licitada.<\/p>\t\t\t\t\t\t\t\t<\/div>\n\t\t\t\t<\/div>\n\t\t\t\t<div class=\"elementor-element elementor-element-70a27a4 elementor-widget elementor-widget-text-editor\" data-id=\"70a27a4\" data-element_type=\"widget\" data-e-type=\"widget\" data-widget_type=\"text-editor.default\">\n\t\t\t\t<div class=\"elementor-widget-container\">\n\t\t\t\t\t\t\t\t\t<h3>LEGISLACI\u00d3<\/h3><p>A tots els efectes, les relacions entre\u00a0<b>LODING APARTMENTS, S.L.\u00a0<\/b>i els Usuaris dels seus serveis telem\u00e0tics, presents en aquest Lloc Web, estan sotmesos a la legislaci\u00f3 i jurisdicci\u00f3 espanyola a la qual se sotmeten expressament les parts, sent competents per a la resoluci\u00f3 de tots els conflictes derivats o relacionats amb el seu \u00fas els Jutjats i Tribunals de Barcelona.<\/p>\t\t\t\t\t\t\t\t<\/div>\n\t\t\t\t<\/div>\n\t\t\t\t\t<\/div>\n\t\t\t\t<\/div>\n\t\t\t\t<\/div>\n\t\t","protected":false},"excerpt":{"rendered":"<p>Politica de Privadesa En compliment del cap\u00edtol II de la Llei 34\/2002, LSSICE, l&#8217;informem que aquest lloc web \u00e9s propietat de\u00a0LODGING APARTMENTS, S.L., en endavant tamb\u00e9 del Prestador, amb domicili a\u00a0Arag\u00f3, 373 baixos 08013, Barcelona, \u200b\u200btel\u00e8fon:\u00a0+34 931 146 004 i correu electr\u00f2nic:\u00a0info@lodgingapartments.com. LODGING APARTMENTS, S.L., \u00e9s responsable d&#8217;aquest Lloc Web i d&#8217;acord amb el que [&hellip;]<\/p>\n","protected":false},"author":5,"featured_media":17911,"parent":0,"menu_order":0,"comment_status":"closed","ping_status":"closed","template":"elementor_header_footer","meta":{"footnotes":""},"class_list":["post-17277","page","type-page","status-publish","has-post-thumbnail","hentry"],"_links":{"self":[{"href":"https:\/\/www.lodging-management.com\/ca\/wp-json\/wp\/v2\/pages\/17277","targetHints":{"allow":["GET"]}}],"collection":[{"href":"https:\/\/www.lodging-management.com\/ca\/wp-json\/wp\/v2\/pages"}],"about":[{"href":"https:\/\/www.lodging-management.com\/ca\/wp-json\/wp\/v2\/types\/page"}],"author":[{"embeddable":true,"href":"https:\/\/www.lodging-management.com\/ca\/wp-json\/wp\/v2\/users\/5"}],"replies":[{"embeddable":true,"href":"https:\/\/www.lodging-management.com\/ca\/wp-json\/wp\/v2\/comments?post=17277"}],"version-history":[{"count":0,"href":"https:\/\/www.lodging-management.com\/ca\/wp-json\/wp\/v2\/pages\/17277\/revisions"}],"wp:featuredmedia":[{"embeddable":true,"href":"https:\/\/www.lodging-management.com\/ca\/wp-json\/wp\/v2\/media\/17911"}],"wp:attachment":[{"href":"https:\/\/www.lodging-management.com\/ca\/wp-json\/wp\/v2\/media?parent=17277"}],"curies":[{"name":"wp","href":"https:\/\/api.w.org\/{rel}","templated":true}]}}